{"id":46,"date":"2024-04-11T15:56:13","date_gmt":"2024-04-11T13:56:13","guid":{"rendered":"https:\/\/sonsdurhone.fr\/?page_id=46"},"modified":"2024-05-13T14:53:11","modified_gmt":"2024-05-13T12:53:11","slug":"la-preparation","status":"publish","type":"page","link":"https:\/\/sonsdurhone.fr\/index.php\/la-preparation\/","title":{"rendered":"L&#8217;\u00e9quipe"},"content":{"rendered":"\t\t<div data-elementor-type=\"wp-page\" data-elementor-id=\"46\" class=\"elementor elementor-46\">\n\t\t\t\t<div class=\"elementor-element elementor-element-5b3f596 e-flex e-con-boxed e-con e-parent\" data-id=\"5b3f596\" data-element_type=\"container\" data-e-type=\"container\">\n\t\t\t\t\t<div class=\"e-con-inner\">\n\t\t<div class=\"elementor-element elementor-element-7d1841d e-con-full e-flex e-con e-child\" data-id=\"7d1841d\" data-element_type=\"container\" data-e-type=\"container\">\n\t\t\t\t<div class=\"elementor-element elementor-element-43bf1a6 elementor-widget elementor-widget-image\" data-id=\"43bf1a6\" data-element_type=\"widget\" data-e-type=\"widget\" data-widget_type=\"image.default\">\n\t\t\t\t<div class=\"elementor-widget-container\">\n\t\t\t\t\t\t\t\t\t\t\t\t\t\t\t<img decoding=\"async\" src=\"https:\/\/sonsdurhone.fr\/wp-content\/uploads\/2024\/04\/cropped-logo-radiomega-2.png\" title=\"cropped-logo-radiomega-2.png\" alt=\"Radio M\u00e9ga\" loading=\"lazy\" \/>\t\t\t\t\t\t\t\t\t\t\t\t\t\t\t<\/div>\n\t\t\t\t<\/div>\n\t\t\t\t<\/div>\n\t\t<div class=\"elementor-element elementor-element-210f8da e-con-full e-flex e-con e-child\" data-id=\"210f8da\" data-element_type=\"container\" data-e-type=\"container\">\n\t\t\t\t<div class=\"elementor-element elementor-element-32d8ce2 elementor-widget elementor-widget-text-editor\" data-id=\"32d8ce2\" data-element_type=\"widget\" data-e-type=\"widget\" data-widget_type=\"text-editor.default\">\n\t\t\t\t<div class=\"elementor-widget-container\">\n\t\t\t\t\t\t\t\t\t<h2>Radio M\u00e9ga\u00a0<\/h2>\t\t\t\t\t\t\t\t<\/div>\n\t\t\t\t<\/div>\n\t\t\t\t<\/div>\n\t\t\t\t\t<\/div>\n\t\t\t\t<\/div>\n\t\t<div class=\"elementor-element elementor-element-3a1fe07 e-flex e-con-boxed e-con e-parent\" data-id=\"3a1fe07\" data-element_type=\"container\" data-e-type=\"container\">\n\t\t\t\t\t<div class=\"e-con-inner\">\n\t\t<div class=\"elementor-element elementor-element-e501840 e-con-full e-flex e-con e-child\" data-id=\"e501840\" data-element_type=\"container\" data-e-type=\"container\">\n\t\t\t\t<div class=\"elementor-element elementor-element-918cae8 elementor-widget elementor-widget-text-editor\" data-id=\"918cae8\" data-element_type=\"widget\" data-e-type=\"widget\" data-widget_type=\"text-editor.default\">\n\t\t\t\t<div class=\"elementor-widget-container\">\n\t\t\t\t\t\t\t\t\t<p>Radio M\u00e9ga est d\u2019abord une association, un collectif avec des b\u00e9n\u00e9voles passionn\u00e9s habitant ici, car c\u2019est dans la proximit\u00e9 avec la population de son bassin de vie que Radio M\u00e9ga puise sa l\u00e9gitimit\u00e9 radiophonique. Pour Radio M\u00e9ga, les citoyens doivent contribuer \u00e0 la construction de leur territoire afin d\u2019y trouver un \u00e9panouissement individuel et collectif. C\u2019est une approche du d\u00e9veloppement local n\u00e9cessairement solidaire.\u00a0Cette aspiration se traduit par la volont\u00e9 de faire participer les habitants \u00e0 l\u2019expression de la vie locale.<br \/>C\u2019est dans la proximit\u00e9 avec les habitants et dans un esprit d\u2019ouverture et de partage que Radio M\u00e9ga suscite et provoque les \u00e9changes culturels.<\/p>\t\t\t\t\t\t\t\t<\/div>\n\t\t\t\t<\/div>\n\t\t\t\t<div class=\"elementor-element elementor-element-5c23438 elementor-align-center elementor-widget elementor-widget-button\" data-id=\"5c23438\" data-element_type=\"widget\" data-e-type=\"widget\" data-widget_type=\"button.default\">\n\t\t\t\t<div class=\"elementor-widget-container\">\n\t\t\t\t\t\t\t\t\t<div class=\"elementor-button-wrapper\">\n\t\t\t\t\t<a class=\"elementor-button elementor-button-link elementor-size-sm\" href=\"http:\/\/www.radio-mega.com\">\n\t\t\t\t\t\t<span class=\"elementor-button-content-wrapper\">\n\t\t\t\t\t\t\t\t\t<span class=\"elementor-button-text\">D\u00e9couvrez Radio M\u00e9ga <\/span>\n\t\t\t\t\t<\/span>\n\t\t\t\t\t<\/a>\n\t\t\t\t<\/div>\n\t\t\t\t\t\t\t\t<\/div>\n\t\t\t\t<\/div>\n\t\t\t\t<\/div>\n\t\t\t\t<div class=\"elementor-element elementor-element-770e765 elementor-widget elementor-widget-image\" data-id=\"770e765\" data-element_type=\"widget\" data-e-type=\"widget\" data-widget_type=\"image.default\">\n\t\t\t\t<div class=\"elementor-widget-container\">\n\t\t\t\t\t\t\t\t\t\t\t\t\t\t\t<img fetchpriority=\"high\" decoding=\"async\" width=\"800\" height=\"522\" src=\"https:\/\/sonsdurhone.fr\/wp-content\/uploads\/2024\/05\/13360.jpg\" class=\"attachment-large size-large wp-image-290\" alt=\"\" srcset=\"https:\/\/sonsdurhone.fr\/wp-content\/uploads\/2024\/05\/13360.jpg 828w, https:\/\/sonsdurhone.fr\/wp-content\/uploads\/2024\/05\/13360-300x196.jpg 300w, https:\/\/sonsdurhone.fr\/wp-content\/uploads\/2024\/05\/13360-768x501.jpg 768w\" sizes=\"(max-width: 800px) 100vw, 800px\" \/>\t\t\t\t\t\t\t\t\t\t\t\t\t\t\t<\/div>\n\t\t\t\t<\/div>\n\t\t\t\t\t<\/div>\n\t\t\t\t<\/div>\n\t\t<div class=\"elementor-element elementor-element-4f6f0fa e-flex e-con-boxed e-con e-parent\" data-id=\"4f6f0fa\" data-element_type=\"container\" data-e-type=\"container\">\n\t\t\t\t\t<div class=\"e-con-inner\">\n\t\t<div class=\"elementor-element elementor-element-12864d4 e-con-full e-flex e-con e-child\" data-id=\"12864d4\" data-element_type=\"container\" data-e-type=\"container\">\n\t\t\t\t<div class=\"elementor-element elementor-element-2c80115 elementor-view-default elementor-widget elementor-widget-icon\" data-id=\"2c80115\" data-element_type=\"widget\" data-e-type=\"widget\" data-widget_type=\"icon.default\">\n\t\t\t\t<div class=\"elementor-widget-container\">\n\t\t\t\t\t\t\t<div class=\"elementor-icon-wrapper\">\n\t\t\t<div class=\"elementor-icon\">\n\t\t\t<svg aria-hidden=\"true\" class=\"e-font-icon-svg e-fas-book-open\" viewBox=\"0 0 576 512\" xmlns=\"http:\/\/www.w3.org\/2000\/svg\"><path d=\"M542.22 32.05c-54.8 3.11-163.72 14.43-230.96 55.59-4.64 2.84-7.27 7.89-7.27 13.17v363.87c0 11.55 12.63 18.85 23.28 13.49 69.18-34.82 169.23-44.32 218.7-46.92 16.89-.89 30.02-14.43 30.02-30.66V62.75c.01-17.71-15.35-31.74-33.77-30.7zM264.73 87.64C197.5 46.48 88.58 35.17 33.78 32.05 15.36 31.01 0 45.04 0 62.75V400.6c0 16.24 13.13 29.78 30.02 30.66 49.49 2.6 149.59 12.11 218.77 46.95 10.62 5.35 23.21-1.94 23.21-13.46V100.63c0-5.29-2.62-10.14-7.27-12.99z\"><\/path><\/svg>\t\t\t<\/div>\n\t\t<\/div>\n\t\t\t\t\t\t<\/div>\n\t\t\t\t<\/div>\n\t\t\t\t<\/div>\n\t\t<div class=\"elementor-element elementor-element-887b8fd e-con-full e-flex e-con e-child\" data-id=\"887b8fd\" data-element_type=\"container\" data-e-type=\"container\">\n\t\t\t\t<div class=\"elementor-element elementor-element-5e01066 elementor-widget elementor-widget-text-editor\" data-id=\"5e01066\" data-element_type=\"widget\" data-e-type=\"widget\" data-widget_type=\"text-editor.default\">\n\t\t\t\t<div class=\"elementor-widget-container\">\n\t\t\t\t\t\t\t\t\t<h2>Les \u00e9coles<\/h2>\t\t\t\t\t\t\t\t<\/div>\n\t\t\t\t<\/div>\n\t\t\t\t<\/div>\n\t\t\t\t\t<\/div>\n\t\t\t\t<\/div>\n\t\t<div class=\"elementor-element elementor-element-372dced e-grid e-con-boxed e-con e-parent\" data-id=\"372dced\" data-element_type=\"container\" data-e-type=\"container\">\n\t\t\t\t\t<div class=\"e-con-inner\">\n\t\t\t\t<div class=\"elementor-element elementor-element-13c6207 elementor-widget elementor-widget-heading\" data-id=\"13c6207\" data-element_type=\"widget\" data-e-type=\"widget\" data-widget_type=\"heading.default\">\n\t\t\t\t<div class=\"elementor-widget-container\">\n\t\t\t\t\t<h2 class=\"elementor-heading-title elementor-size-default\">Ecole Primaire L\u00e9o Lagrange<\/h2>\t\t\t\t<\/div>\n\t\t\t\t<\/div>\n\t\t\t\t<div class=\"elementor-element elementor-element-54a2510 elementor-widget elementor-widget-heading\" data-id=\"54a2510\" data-element_type=\"widget\" data-e-type=\"widget\" data-widget_type=\"heading.default\">\n\t\t\t\t<div class=\"elementor-widget-container\">\n\t\t\t\t\t<h2 class=\"elementor-heading-title elementor-size-default\">Ecole primaire Saint Restitut<\/h2>\t\t\t\t<\/div>\n\t\t\t\t<\/div>\n\t\t\t\t<div class=\"elementor-element elementor-element-ea20a6c elementor-widget elementor-widget-heading\" data-id=\"ea20a6c\" data-element_type=\"widget\" data-e-type=\"widget\" data-widget_type=\"heading.default\">\n\t\t\t\t<div class=\"elementor-widget-container\">\n\t\t\t\t\t<h2 class=\"elementor-heading-title elementor-size-default\">Ecole de Mercurol-Veaunes<\/h2>\t\t\t\t<\/div>\n\t\t\t\t<\/div>\n\t\t\t\t<div class=\"elementor-element elementor-element-4d35168 elementor-widget elementor-widget-text-editor\" data-id=\"4d35168\" data-element_type=\"widget\" data-e-type=\"widget\" data-widget_type=\"text-editor.default\">\n\t\t\t\t<div class=\"elementor-widget-container\">\n\t\t\t\t\t\t\t\t\t<p><span lang=\"X-NONE\" style=\"text-align: var(--text-align); font-size: 12pt; margin: 0px; padding: 0px; -webkit-user-select: text; -webkit-user-drag: none; line-height: 19px; font-variant-ligatures: none !important; -webkit-nbsp-mode: normal !important;\" xml:lang=\"X-NONE\" data-contrast=\"auto\"><span style=\"margin: 0px; padding: 0px; -webkit-user-select: text; -webkit-user-drag: none; -webkit-nbsp-mode: normal !important;\">Les \u00e9l\u00e8ves de la<strong> classe de<\/strong><span style=\"font-family: Arial, sans-serif;\"><span style=\"caret-color: rgba(0, 0, 0, 0.847); color: rgba(0, 0, 0, 0.847);\"><strong> CM1<\/strong> de Madame <strong>Nathalie Drouin<\/strong><\/span><\/span><\/span><\/span><span style=\"text-align: var(--text-align); font-size: 12pt; margin: 0px; padding: 0px; -webkit-user-select: text; -webkit-user-drag: none; caret-color: rgba(0, 0, 0, 0.847); color: rgba(0, 0, 0, 0.847); line-height: 19px; font-family: Arial, sans-serif; -webkit-nbsp-mode: normal !important;\"><strong>\u00a0<\/strong>partiront r\u00e9aliser une \u00e9mission \u00e0 la C<\/span><span style=\"caret-color: rgba(0, 0, 0, 0.847); color: rgba(0, 0, 0, 0.847); font-family: Arial, sans-serif; text-align: var(--text-align); font-size: 1rem;\">entrale Hydro\u00e9lectrique de Bourg les Valence le jeudi 13 Juin.\u00a0<\/span><\/p>\t\t\t\t\t\t\t\t<\/div>\n\t\t\t\t<\/div>\n\t\t\t\t<div class=\"elementor-element elementor-element-951ade9 elementor-widget elementor-widget-text-editor\" data-id=\"951ade9\" data-element_type=\"widget\" data-e-type=\"widget\" data-widget_type=\"text-editor.default\">\n\t\t\t\t<div class=\"elementor-widget-container\">\n\t\t\t\t\t\t\t\t\t<p><span lang=\"X-NONE\" style=\"font-size: 12pt; text-align: var(--text-align); margin: 0px; padding: 0px; -webkit-user-select: text; -webkit-user-drag: none; line-height: 19px; font-variant-ligatures: none !important; -webkit-nbsp-mode: normal !important;\" xml:lang=\"X-NONE\" data-contrast=\"auto\"><span style=\"margin: 0px; padding: 0px; -webkit-user-select: text; -webkit-user-drag: none; -webkit-nbsp-mode: normal !important;\">Les \u00e9l\u00e8ves de la<strong>\u00a0classe de<\/strong><span style=\"font-family: Arial, sans-serif;\"><span style=\"caret-color: rgba(0, 0, 0, 0.847); color: rgba(0, 0, 0, 0.847);\"><strong>\u00a0CM1<\/strong>\u00a0de Madame <b>Sol\u00e8ne Monzo <\/b><\/span><\/span><\/span><\/span><span style=\"font-size: 12pt; text-align: var(--text-align); margin: 0px; padding: 0px; -webkit-user-select: text; -webkit-user-drag: none; caret-color: rgba(0, 0, 0, 0.847); color: rgba(0, 0, 0, 0.847); line-height: 19px; font-family: Arial, sans-serif; -webkit-nbsp-mode: normal !important;\">partiront r\u00e9aliser une \u00e9mission \u00e0 la C<\/span><span style=\"font-size: 1rem; text-align: var(--text-align); caret-color: rgba(0, 0, 0, 0.847); color: rgba(0, 0, 0, 0.847); font-family: Arial, sans-serif;\">entrale Hydro\u00e9lectrique de Bol\u00e8ne le vendredi 17 Mai.<\/span><\/p>\t\t\t\t\t\t\t\t<\/div>\n\t\t\t\t<\/div>\n\t\t\t\t<div class=\"elementor-element elementor-element-eb0e208 elementor-widget elementor-widget-text-editor\" data-id=\"eb0e208\" data-element_type=\"widget\" data-e-type=\"widget\" data-widget_type=\"text-editor.default\">\n\t\t\t\t<div class=\"elementor-widget-container\">\n\t\t\t\t\t\t\t\t\t<p><span lang=\"X-NONE\" style=\"font-size: 12pt; text-align: var(--text-align); margin: 0px; padding: 0px; -webkit-user-select: text; -webkit-user-drag: none; line-height: 19px; font-variant-ligatures: none !important; -webkit-nbsp-mode: normal !important;\" xml:lang=\"X-NONE\" data-contrast=\"auto\"><span style=\"margin: 0px; padding: 0px; -webkit-user-select: text; -webkit-user-drag: none; -webkit-nbsp-mode: normal !important;\">Les \u00e9l\u00e8ves de la<strong>\u00a0classe de<\/strong><span style=\"font-family: Arial, sans-serif;\"><span style=\"caret-color: rgba(0, 0, 0, 0.847); color: rgba(0, 0, 0, 0.847);\"><strong>\u00a0CM1<\/strong> de Madame <strong>Karine Dybing<\/strong> <\/span><\/span><\/span><\/span><span style=\"font-size: 12pt; text-align: var(--text-align); margin: 0px; padding: 0px; -webkit-user-select: text; -webkit-user-drag: none; caret-color: rgba(0, 0, 0, 0.847); color: rgba(0, 0, 0, 0.847); line-height: 19px; font-family: Arial, sans-serif; -webkit-nbsp-mode: normal !important;\">partiront r\u00e9aliser une \u00e9mission \u00e0 la C<\/span><span style=\"font-size: 1rem; text-align: var(--text-align); caret-color: rgba(0, 0, 0, 0.847); color: rgba(0, 0, 0, 0.847); font-family: Arial, sans-serif;\">entrale Hydro\u00e9lectrique de Gervans le vendredi 14 Juin.<\/span><\/p>\t\t\t\t\t\t\t\t<\/div>\n\t\t\t\t<\/div>\n\t\t\t\t\t<\/div>\n\t\t\t\t<\/div>\n\t\t<div class=\"elementor-element elementor-element-8f08c10 e-flex e-con-boxed e-con e-parent\" data-id=\"8f08c10\" data-element_type=\"container\" data-e-type=\"container\">\n\t\t\t\t\t<div class=\"e-con-inner\">\n\t\t\t\t<div class=\"elementor-element elementor-element-d0020e6 elementor-widget elementor-widget-image\" data-id=\"d0020e6\" data-element_type=\"widget\" data-e-type=\"widget\" data-widget_type=\"image.default\">\n\t\t\t\t<div class=\"elementor-widget-container\">\n\t\t\t\t\t\t\t\t\t\t\t\t\t\t\t<img decoding=\"async\" width=\"1500\" height=\"1125\" src=\"https:\/\/sonsdurhone.fr\/wp-content\/uploads\/2024\/05\/photo-site-sons-du-rhone.jpg\" class=\"attachment-full size-full wp-image-298\" alt=\"\" srcset=\"https:\/\/sonsdurhone.fr\/wp-content\/uploads\/2024\/05\/photo-site-sons-du-rhone.jpg 1500w, https:\/\/sonsdurhone.fr\/wp-content\/uploads\/2024\/05\/photo-site-sons-du-rhone-300x225.jpg 300w, https:\/\/sonsdurhone.fr\/wp-content\/uploads\/2024\/05\/photo-site-sons-du-rhone-1024x768.jpg 1024w, https:\/\/sonsdurhone.fr\/wp-content\/uploads\/2024\/05\/photo-site-sons-du-rhone-768x576.jpg 768w\" sizes=\"(max-width: 1500px) 100vw, 1500px\" \/>\t\t\t\t\t\t\t\t\t\t\t\t\t\t\t<\/div>\n\t\t\t\t<\/div>\n\t\t\t\t\t<\/div>\n\t\t\t\t<\/div>\n\t\t\t\t<\/div>\n\t\t","protected":false},"excerpt":{"rendered":"<p>Radio M\u00e9ga\u00a0 Radio M\u00e9ga est d\u2019abord une association, un collectif avec des b\u00e9n\u00e9voles passionn\u00e9s habitant ici, car c\u2019est dans la proximit\u00e9 avec la population de son bassin de vie que Radio M\u00e9ga puise sa l\u00e9gitimit\u00e9 radiophonique. Pour Radio M\u00e9ga, les citoyens doivent contribuer \u00e0 la construction de leur territoire afin d\u2019y trouver un \u00e9panouissement individuel [&hellip;]<\/p>\n","protected":false},"author":1,"featured_media":0,"parent":0,"menu_order":0,"comment_status":"closed","ping_status":"closed","template":"elementor_header_footer","meta":{"footnotes":""},"class_list":["post-46","page","type-page","status-publish","hentry"],"_links":{"self":[{"href":"https:\/\/sonsdurhone.fr\/index.php\/wp-json\/wp\/v2\/pages\/46","targetHints":{"allow":["GET"]}}],"collection":[{"href":"https:\/\/sonsdurhone.fr\/index.php\/wp-json\/wp\/v2\/pages"}],"about":[{"href":"https:\/\/sonsdurhone.fr\/index.php\/wp-json\/wp\/v2\/types\/page"}],"author":[{"embeddable":true,"href":"https:\/\/sonsdurhone.fr\/index.php\/wp-json\/wp\/v2\/users\/1"}],"replies":[{"embeddable":true,"href":"https:\/\/sonsdurhone.fr\/index.php\/wp-json\/wp\/v2\/comments?post=46"}],"version-history":[{"count":16,"href":"https:\/\/sonsdurhone.fr\/index.php\/wp-json\/wp\/v2\/pages\/46\/revisions"}],"predecessor-version":[{"id":426,"href":"https:\/\/sonsdurhone.fr\/index.php\/wp-json\/wp\/v2\/pages\/46\/revisions\/426"}],"wp:attachment":[{"href":"https:\/\/sonsdurhone.fr\/index.php\/wp-json\/wp\/v2\/media?parent=46"}],"curies":[{"name":"wp","href":"https:\/\/api.w.org\/{rel}","templated":true}]}}