{"id":415,"date":"2024-05-13T14:38:50","date_gmt":"2024-05-13T12:38:50","guid":{"rendered":"https:\/\/sonsdurhone.fr\/?page_id=415"},"modified":"2024-05-13T14:51:46","modified_gmt":"2024-05-13T12:51:46","slug":"carnet-de-bord","status":"publish","type":"page","link":"https:\/\/sonsdurhone.fr\/index.php\/carnet-de-bord\/","title":{"rendered":"Carnet de bord"},"content":{"rendered":"\t\t<div data-elementor-type=\"wp-page\" data-elementor-id=\"415\" class=\"elementor elementor-415\">\n\t\t\t\t<div class=\"elementor-element elementor-element-48b96b5 e-flex e-con-boxed e-con e-parent\" data-id=\"48b96b5\" data-element_type=\"container\" data-e-type=\"container\">\n\t\t\t\t\t<div class=\"e-con-inner\">\n\t\t\t\t<div class=\"elementor-element elementor-element-19fc798 elementor-widget elementor-widget-spacer\" data-id=\"19fc798\" data-element_type=\"widget\" data-e-type=\"widget\" data-widget_type=\"spacer.default\">\n\t\t\t\t<div class=\"elementor-widget-container\">\n\t\t\t\t\t\t\t<div class=\"elementor-spacer\">\n\t\t\t<div class=\"elementor-spacer-inner\"><\/div>\n\t\t<\/div>\n\t\t\t\t\t\t<\/div>\n\t\t\t\t<\/div>\n\t\t\t\t\t<\/div>\n\t\t\t\t<\/div>\n\t\t<div class=\"elementor-element elementor-element-fe9ae1d e-flex e-con-boxed e-con e-parent\" data-id=\"fe9ae1d\" data-element_type=\"container\" data-e-type=\"container\" data-settings=\"{&quot;background_background&quot;:&quot;classic&quot;}\">\n\t\t\t\t\t<div class=\"e-con-inner\">\n\t\t\t\t<div class=\"elementor-element elementor-element-a548836 elementor-invisible elementor-widget elementor-widget-image\" data-id=\"a548836\" data-element_type=\"widget\" data-e-type=\"widget\" data-settings=\"{&quot;_animation&quot;:&quot;fadeInLeft&quot;}\" data-widget_type=\"image.default\">\n\t\t\t\t<div class=\"elementor-widget-container\">\n\t\t\t\t\t\t\t\t\t\t\t\t\t\t\t<img fetchpriority=\"high\" decoding=\"async\" width=\"800\" height=\"600\" src=\"https:\/\/sonsdurhone.fr\/wp-content\/uploads\/2024\/05\/photo-site-sons-du-rhone-1024x768.jpg\" class=\"attachment-large size-large wp-image-298\" alt=\"\" srcset=\"https:\/\/sonsdurhone.fr\/wp-content\/uploads\/2024\/05\/photo-site-sons-du-rhone-1024x768.jpg 1024w, https:\/\/sonsdurhone.fr\/wp-content\/uploads\/2024\/05\/photo-site-sons-du-rhone-300x225.jpg 300w, https:\/\/sonsdurhone.fr\/wp-content\/uploads\/2024\/05\/photo-site-sons-du-rhone-768x576.jpg 768w, https:\/\/sonsdurhone.fr\/wp-content\/uploads\/2024\/05\/photo-site-sons-du-rhone.jpg 1500w\" sizes=\"(max-width: 800px) 100vw, 800px\" \/>\t\t\t\t\t\t\t\t\t\t\t\t\t\t\t<\/div>\n\t\t\t\t<\/div>\n\t\t\t\t\t<\/div>\n\t\t\t\t<\/div>\n\t\t<div class=\"elementor-element elementor-element-e185eea e-flex e-con-boxed e-con e-parent\" data-id=\"e185eea\" data-element_type=\"container\" data-e-type=\"container\">\n\t\t\t\t\t<div class=\"e-con-inner\">\n\t\t\t\t<div class=\"elementor-element elementor-element-56be028 e-transform elementor-invisible elementor-widget elementor-widget-text-editor\" data-id=\"56be028\" data-element_type=\"widget\" data-e-type=\"widget\" data-settings=\"{&quot;_animation&quot;:&quot;fadeInRight&quot;,&quot;_transform_scale_effect&quot;:{&quot;unit&quot;:&quot;px&quot;,&quot;size&quot;:0.9,&quot;sizes&quot;:[]},&quot;_transform_scale_effect_tablet&quot;:{&quot;unit&quot;:&quot;px&quot;,&quot;size&quot;:&quot;&quot;,&quot;sizes&quot;:[]},&quot;_transform_scale_effect_mobile&quot;:{&quot;unit&quot;:&quot;px&quot;,&quot;size&quot;:&quot;&quot;,&quot;sizes&quot;:[]}}\" data-widget_type=\"text-editor.default\">\n\t\t\t\t<div class=\"elementor-widget-container\">\n\t\t\t\t\t\t\t\t\t<h1>D\u00e9couvrez ici prochainement nos reportages au fil du Rh\u00f4ne.<br>Emissions radios en direct, podcasts, articles de presse et photos pour vous pr\u00e9senter nos invit\u00e9(e)s et vous faire d\u00e9couvrir le Rh\u00f4ne.&nbsp;<\/h1>\t\t\t\t\t\t\t\t<\/div>\n\t\t\t\t<\/div>\n\t\t\t\t\t<\/div>\n\t\t\t\t<\/div>\n\t\t<div class=\"elementor-element elementor-element-399b3f2 e-flex e-con-boxed e-con e-parent\" data-id=\"399b3f2\" data-element_type=\"container\" data-e-type=\"container\" data-settings=\"{&quot;background_background&quot;:&quot;classic&quot;}\">\n\t\t\t\t\t<div class=\"e-con-inner\">\n\t\t\t\t\t<\/div>\n\t\t\t\t<\/div>\n\t\t\t\t<\/div>\n\t\t","protected":false},"excerpt":{"rendered":"<p>D\u00e9couvrez ici prochainement nos reportages au fil du Rh\u00f4ne.Emissions radios en direct, podcasts, articles de presse et photos pour vous pr\u00e9senter nos invit\u00e9(e)s et vous faire d\u00e9couvrir le Rh\u00f4ne.&nbsp;<\/p>\n","protected":false},"author":1,"featured_media":0,"parent":0,"menu_order":0,"comment_status":"closed","ping_status":"closed","template":"","meta":{"footnotes":""},"class_list":["post-415","page","type-page","status-publish","hentry"],"_links":{"self":[{"href":"https:\/\/sonsdurhone.fr\/index.php\/wp-json\/wp\/v2\/pages\/415","targetHints":{"allow":["GET"]}}],"collection":[{"href":"https:\/\/sonsdurhone.fr\/index.php\/wp-json\/wp\/v2\/pages"}],"about":[{"href":"https:\/\/sonsdurhone.fr\/index.php\/wp-json\/wp\/v2\/types\/page"}],"author":[{"embeddable":true,"href":"https:\/\/sonsdurhone.fr\/index.php\/wp-json\/wp\/v2\/users\/1"}],"replies":[{"embeddable":true,"href":"https:\/\/sonsdurhone.fr\/index.php\/wp-json\/wp\/v2\/comments?post=415"}],"version-history":[{"count":7,"href":"https:\/\/sonsdurhone.fr\/index.php\/wp-json\/wp\/v2\/pages\/415\/revisions"}],"predecessor-version":[{"id":423,"href":"https:\/\/sonsdurhone.fr\/index.php\/wp-json\/wp\/v2\/pages\/415\/revisions\/423"}],"wp:attachment":[{"href":"https:\/\/sonsdurhone.fr\/index.php\/wp-json\/wp\/v2\/media?parent=415"}],"curies":[{"name":"wp","href":"https:\/\/api.w.org\/{rel}","templated":true}]}}